{"id":904,"date":"2022-09-10T10:00:34","date_gmt":"2022-09-10T10:00:34","guid":{"rendered":"https:\/\/omanda-ch.invictus-lead-generation.com\/?post_type=product&#038;p=904"},"modified":"2024-12-19T20:45:10","modified_gmt":"2024-12-19T20:45:10","slug":"isomix","status":"publish","type":"product","link":"https:\/\/omanda-ch.invictus-lead-generation.com\/fr\/shop\/isomix\/","title":{"rendered":"ISOMIX"},"content":{"rendered":"<p>ISOMIX est une solution de r\u00e9hydratation isotonique. Elle correspond \u00e0 la solution St-Mark's et a \u00e9t\u00e9 sp\u00e9cifiquement d\u00e9velopp\u00e9e pour les patients souffrant d'une stomie \u00e0 haut d\u00e9bit ou d'un syndrome de l'intestin court.<\/p>","protected":false},"excerpt":{"rendered":"<p>ISOMIX est une solution de r\u00e9hydratation isotonique. Elle correspond \u00e0 la solution St-Mark's et a \u00e9t\u00e9 sp\u00e9cifiquement d\u00e9velopp\u00e9e pour les patients souffrant d'une stomie \u00e0 haut d\u00e9bit ou d'un syndrome de l'intestin court.<\/p>","protected":false},"featured_media":1095,"template":"","meta":{"_monsterinsights_skip_tracking":false,"_monsterinsights_sitenote_active":false,"_monsterinsights_sitenote_note":"","_monsterinsights_sitenote_category":0},"product_cat":[95,31],"product_tag":[],"class_list":{"0":"post-904","1":"product","2":"type-product","3":"status-publish","4":"has-post-thumbnail","6":"product_cat-bestellbar","7":"product_cat-orale-rehydration","9":"first","10":"instock","11":"taxable","12":"shipping-taxable","13":"purchasable","14":"product-type-variable","15":"has-default-attributes"},"_links":{"self":[{"href":"https:\/\/omanda-ch.invictus-lead-generation.com\/fr\/wp-json\/wp\/v2\/product\/904","targetHints":{"allow":["GET"]}}],"collection":[{"href":"https:\/\/omanda-ch.invictus-lead-generation.com\/fr\/wp-json\/wp\/v2\/product"}],"about":[{"href":"https:\/\/omanda-ch.invictus-lead-generation.com\/fr\/wp-json\/wp\/v2\/types\/product"}],"wp:featuredmedia":[{"embeddable":true,"href":"https:\/\/omanda-ch.invictus-lead-generation.com\/fr\/wp-json\/wp\/v2\/media\/1095"}],"wp:attachment":[{"href":"https:\/\/omanda-ch.invictus-lead-generation.com\/fr\/wp-json\/wp\/v2\/media?parent=904"}],"wp:term":[{"taxonomy":"product_cat","embeddable":true,"href":"https:\/\/omanda-ch.invictus-lead-generation.com\/fr\/wp-json\/wp\/v2\/product_cat?post=904"},{"taxonomy":"product_tag","embeddable":true,"href":"https:\/\/omanda-ch.invictus-lead-generation.com\/fr\/wp-json\/wp\/v2\/product_tag?post=904"}],"curies":[{"name":"wp","href":"https:\/\/api.w.org\/{rel}","templated":true}]}}