{"id":901,"date":"2022-09-20T10:00:02","date_gmt":"2022-09-20T10:00:02","guid":{"rendered":"https:\/\/omanda-ch.invictus-lead-generation.com\/?post_type=product&#038;p=901"},"modified":"2025-01-15T07:37:52","modified_gmt":"2025-01-15T07:37:52","slug":"digesan-fibre","status":"publish","type":"product","link":"https:\/\/omanda-ch.invictus-lead-generation.com\/fr\/shop\/digesan-fibre\/","title":{"rendered":"Digesan FIBRE"},"content":{"rendered":"<p>Digesan FIBRE r\u00e9gule le transit intestinal de mani\u00e8re naturelle et se compose exclusivement de fibres alimentaires solubles de gomme de guar partiellement hydrolys\u00e9e ou PHGG. Le concentr\u00e9 de fibres alimentaires en poudre est v\u00e9gane et ne contient ni gluten, ni purine, ni fructose, ni graisse. Les fibres solubles favorisent la multiplication des bact\u00e9ries souhait\u00e9es telles que les lactobacilles ou les bifidobact\u00e9ries et optimisent l'\u00e9quilibre intestinal. Digesan FIBRE active la flore intestinale, aide \u00e0 reconstruire la muqueuse intestinale et favorise une digestion \u00e9quilibr\u00e9e.<\/p>","protected":false},"excerpt":{"rendered":"<p>Digesan FIBRE r\u00e9gule le transit intestinal de mani\u00e8re naturelle et se compose exclusivement de fibres alimentaires solubles de gomme de guar partiellement hydrolys\u00e9e ou PHGG. Le concentr\u00e9 de fibres alimentaires en poudre est v\u00e9gane et ne contient ni gluten, ni purine, ni fructose, ni graisse. Les fibres solubles favorisent la multiplication des bact\u00e9ries souhait\u00e9es telles que les lactobacilles ou les bifidobact\u00e9ries et optimisent l'\u00e9quilibre intestinal. Digesan FIBRE active la flore intestinale, aide \u00e0 reconstruire la muqueuse intestinale et favorise une digestion \u00e9quilibr\u00e9e.<\/p>","protected":false},"featured_media":1096,"template":"","meta":{"_monsterinsights_skip_tracking":false,"_monsterinsights_sitenote_active":false,"_monsterinsights_sitenote_note":"","_monsterinsights_sitenote_category":0},"product_cat":[95,30],"product_tag":[],"class_list":{"0":"post-901","1":"product","2":"type-product","3":"status-publish","4":"has-post-thumbnail","6":"product_cat-bestellbar","7":"product_cat-darmgesundheit","9":"first","10":"instock","11":"taxable","12":"shipping-taxable","13":"purchasable","14":"product-type-variable","15":"has-default-attributes"},"_links":{"self":[{"href":"https:\/\/omanda-ch.invictus-lead-generation.com\/fr\/wp-json\/wp\/v2\/product\/901","targetHints":{"allow":["GET"]}}],"collection":[{"href":"https:\/\/omanda-ch.invictus-lead-generation.com\/fr\/wp-json\/wp\/v2\/product"}],"about":[{"href":"https:\/\/omanda-ch.invictus-lead-generation.com\/fr\/wp-json\/wp\/v2\/types\/product"}],"wp:featuredmedia":[{"embeddable":true,"href":"https:\/\/omanda-ch.invictus-lead-generation.com\/fr\/wp-json\/wp\/v2\/media\/1096"}],"wp:attachment":[{"href":"https:\/\/omanda-ch.invictus-lead-generation.com\/fr\/wp-json\/wp\/v2\/media?parent=901"}],"wp:term":[{"taxonomy":"product_cat","embeddable":true,"href":"https:\/\/omanda-ch.invictus-lead-generation.com\/fr\/wp-json\/wp\/v2\/product_cat?post=901"},{"taxonomy":"product_tag","embeddable":true,"href":"https:\/\/omanda-ch.invictus-lead-generation.com\/fr\/wp-json\/wp\/v2\/product_tag?post=901"}],"curies":[{"name":"wp","href":"https:\/\/api.w.org\/{rel}","templated":true}]}}