{"id":898,"date":"2022-12-10T10:00:59","date_gmt":"2022-12-10T10:00:59","guid":{"rendered":"https:\/\/omanda-ch.invictus-lead-generation.com\/?post_type=product&#038;p=898"},"modified":"2025-01-15T06:39:22","modified_gmt":"2025-01-15T06:39:22","slug":"moltein-juicy","status":"publish","type":"product","link":"https:\/\/omanda-ch.invictus-lead-generation.com\/fr\/shop\/moltein-juicy\/","title":{"rendered":"Moltein JUICY"},"content":{"rendered":"<p>Moltein JUICY ist eine energiereiche, bilanzierte Trinknahrung mit klarer Fl\u00fcssigkeit und fruchtigem Geschmack. Moltein JUICY besteht aus hochwertigem Molkenprotein, Kohlenhydraten sowie allen notwendigen Vitaminen und Mineralstoffen. Das Produkt enth\u00e4lt kein Fett.<br \/>\nMoltein JUICY ist kassenzul\u00e4ssig gem\u00e4ss den Richtlinien der GESKES.<\/p>","protected":false},"excerpt":{"rendered":"<p>Moltein JUICY est un produit nutritif oral riche en \u00e9nergie et \u00e9quilibr\u00e9, un liquide clair et au go\u00fbt fruit\u00e9. Moltein JUICY se compose de prot\u00e9ines de lactos\u00e9rum de haute qualit\u00e9, de glucides ainsi que de toutes les vitamines et min\u00e9raux n\u00e9cessaires. Le produit ne contient pas de mati\u00e8res grasses. Moltein JUICY est rembours\u00e9 par les caisses maladie conform\u00e9ment aux directives de la SSNC.<\/p>","protected":false},"featured_media":899,"template":"","meta":{"_monsterinsights_skip_tracking":false,"_monsterinsights_sitenote_active":false,"_monsterinsights_sitenote_note":"","_monsterinsights_sitenote_category":0},"product_cat":[95,21],"product_tag":[],"class_list":{"0":"post-898","1":"product","2":"type-product","3":"status-publish","4":"has-post-thumbnail","6":"product_cat-bestellbar","7":"product_cat-mangelernaehrung","9":"first","10":"instock","11":"taxable","12":"shipping-taxable","13":"purchasable","14":"product-type-variable","15":"has-default-attributes"},"_links":{"self":[{"href":"https:\/\/omanda-ch.invictus-lead-generation.com\/fr\/wp-json\/wp\/v2\/product\/898","targetHints":{"allow":["GET"]}}],"collection":[{"href":"https:\/\/omanda-ch.invictus-lead-generation.com\/fr\/wp-json\/wp\/v2\/product"}],"about":[{"href":"https:\/\/omanda-ch.invictus-lead-generation.com\/fr\/wp-json\/wp\/v2\/types\/product"}],"wp:featuredmedia":[{"embeddable":true,"href":"https:\/\/omanda-ch.invictus-lead-generation.com\/fr\/wp-json\/wp\/v2\/media\/899"}],"wp:attachment":[{"href":"https:\/\/omanda-ch.invictus-lead-generation.com\/fr\/wp-json\/wp\/v2\/media?parent=898"}],"wp:term":[{"taxonomy":"product_cat","embeddable":true,"href":"https:\/\/omanda-ch.invictus-lead-generation.com\/fr\/wp-json\/wp\/v2\/product_cat?post=898"},{"taxonomy":"product_tag","embeddable":true,"href":"https:\/\/omanda-ch.invictus-lead-generation.com\/fr\/wp-json\/wp\/v2\/product_tag?post=898"}],"curies":[{"name":"wp","href":"https:\/\/api.w.org\/{rel}","templated":true}]}}