{"id":894,"date":"2022-12-07T10:00:32","date_gmt":"2022-12-07T10:00:32","guid":{"rendered":"https:\/\/omanda-ch.invictus-lead-generation.com\/?post_type=product&#038;p=894"},"modified":"2024-12-19T20:45:10","modified_gmt":"2024-12-19T20:45:10","slug":"moltein-pro","status":"publish","type":"product","link":"https:\/\/omanda-ch.invictus-lead-generation.com\/fr\/shop\/moltein-pro\/","title":{"rendered":"Moltein PRO"},"content":{"rendered":"<p>Moltein PRO ist eine protein- und energiereiche, bilanzierte Trinknahrung. Moltein PRO besteht aus hochwertigem Molkenprotein, vier verschiedenen pflanzlichen Fettquellen, Kohlenhydraten sowie allen notwendigen Vitaminen und Mineralstoffen. Es weist mit 21g\/100ml die h\u00f6chste Proteindichte der Trinknahrungen in der Schweiz auf. Moltein PRO ist angereichert mit der Aminos\u00e4ure Leucin, einem besonders starken Stimulator f\u00fcr den Muskelaufbau. Moltein PRO weist einen tieferen Kaloriengehalt aus im Vergleich zu Moltein PLUS.<br \/>\nMoltein PRO ist kassenzul\u00e4ssig gem\u00e4ss den Richtlinien der GESKES.<br \/>\nEntwickelt und hergestellt in der Schweiz.<\/p>","protected":false},"excerpt":{"rendered":"<p>Moltein PRO est un produit nutritif oral \u00e9quilibr\u00e9, riche en prot\u00e9ines et en \u00e9nergie. Moltein PRO se compose de prot\u00e9ines de lactos\u00e9rum de haute qualit\u00e9, de quatre sources d'huiles v\u00e9g\u00e9tales, de glucides, ainsi que de toutes les vitamines et les min\u00e9raux. Avec 21 g de prot\u00e9ines \/100 ml, elle pr\u00e9sente la densit\u00e9 prot\u00e9ique la plus \u00e9lev\u00e9e des produits nutritifs oraux en Suisse. Moltein PRO est enrichi en acide amin\u00e9 leucine, un stimulant particuli\u00e8rement puissant pour le d\u00e9veloppement musculaire. Moltein PRO est rembours\u00e9 par les caisses maladie conform\u00e9ment aux directives de la SSNC. D\u00e9velopp\u00e9 et fabriqu\u00e9 en Suisse.<\/p>","protected":false},"featured_media":895,"template":"","meta":{"_monsterinsights_skip_tracking":false,"_monsterinsights_sitenote_active":false,"_monsterinsights_sitenote_note":"","_monsterinsights_sitenote_category":0},"product_cat":[95,21],"product_tag":[],"class_list":{"0":"post-894","1":"product","2":"type-product","3":"status-publish","4":"has-post-thumbnail","6":"product_cat-bestellbar","7":"product_cat-mangelernaehrung","9":"first","10":"instock","11":"taxable","12":"shipping-taxable","13":"purchasable","14":"product-type-variable","15":"has-default-attributes"},"_links":{"self":[{"href":"https:\/\/omanda-ch.invictus-lead-generation.com\/fr\/wp-json\/wp\/v2\/product\/894","targetHints":{"allow":["GET"]}}],"collection":[{"href":"https:\/\/omanda-ch.invictus-lead-generation.com\/fr\/wp-json\/wp\/v2\/product"}],"about":[{"href":"https:\/\/omanda-ch.invictus-lead-generation.com\/fr\/wp-json\/wp\/v2\/types\/product"}],"wp:featuredmedia":[{"embeddable":true,"href":"https:\/\/omanda-ch.invictus-lead-generation.com\/fr\/wp-json\/wp\/v2\/media\/895"}],"wp:attachment":[{"href":"https:\/\/omanda-ch.invictus-lead-generation.com\/fr\/wp-json\/wp\/v2\/media?parent=894"}],"wp:term":[{"taxonomy":"product_cat","embeddable":true,"href":"https:\/\/omanda-ch.invictus-lead-generation.com\/fr\/wp-json\/wp\/v2\/product_cat?post=894"},{"taxonomy":"product_tag","embeddable":true,"href":"https:\/\/omanda-ch.invictus-lead-generation.com\/fr\/wp-json\/wp\/v2\/product_tag?post=894"}],"curies":[{"name":"wp","href":"https:\/\/api.w.org\/{rel}","templated":true}]}}