{"id":405,"date":"2022-12-08T10:00:35","date_gmt":"2022-12-08T10:00:35","guid":{"rendered":"https:\/\/omanda-ch.invictus-lead-generation.com\/?post_type=product&#038;p=405"},"modified":"2024-12-19T20:45:10","modified_gmt":"2024-12-19T20:45:10","slug":"moltein-plus","status":"publish","type":"product","link":"https:\/\/omanda-ch.invictus-lead-generation.com\/fr\/shop\/moltein-plus\/","title":{"rendered":"Moltein PLUS"},"content":{"rendered":"<p>Moltein PLUS ist eine protein- und energiereiche, vollbilanzierte Trinknahrung. Moltein PLUS besteht aus hochwertigem Molkenprotein, vier verschiedenen pflanzlichen Fettquellen, Kohlenhydraten sowie allen notwendigen Vitaminen und Mineralstoffen. Es weist mit 21g\/100ml die h\u00f6chste Proteindichte der Trinknahrungen in der Schweiz auf. Moltein PLUS ist angereichert mit der Aminos\u00e4ure Leucin, einem besonders starken Stimulator f\u00fcr den Muskelaufbau.<br \/>\nMoltein PLUS ist kassenzul\u00e4ssig gem\u00e4ss den Richtlinien der GESKES.<br \/>\nEntwickelt und hergestellt in der Schweiz.<\/p>","protected":false},"excerpt":{"rendered":"<p>Moltein PLUS est un produit nutritif oral enti\u00e8rement \u00e9quilibr\u00e9, riche en prot\u00e9ines et \u00e9nergie. Moltein PLUS se compose de prot\u00e9ines de lactos\u00e9rum de haute qualit\u00e9, de quatre sources d'huiles v\u00e9g\u00e9tales, de glucides et de toutes les vitamines et min\u00e9raux. Avec 21 g de prot\u00e9ines\/100 ml, il pr\u00e9sente la densit\u00e9 prot\u00e9ique la plus \u00e9lev\u00e9e des produits nutritifs oraux en Suisse. Moltein PLUS est enrichi en acide amin\u00e9 leucine, un stimulant particuli\u00e8rement puissant pour le d\u00e9veloppement musculaire. Moltein PLUS est rembours\u00e9 par les caisses maladie conform\u00e9ment aux directives de la SSNC. D\u00e9velopp\u00e9 et fabriqu\u00e9 en Suisse.<\/p>","protected":false},"featured_media":338,"template":"","meta":{"_monsterinsights_skip_tracking":false,"_monsterinsights_sitenote_active":false,"_monsterinsights_sitenote_note":"","_monsterinsights_sitenote_category":0},"product_cat":[95,21],"product_tag":[49,52,50,51],"class_list":{"0":"post-405","1":"product","2":"type-product","3":"status-publish","4":"has-post-thumbnail","6":"product_cat-bestellbar","7":"product_cat-mangelernaehrung","8":"product_tag-moltein","9":"product_tag-protein-supplement","10":"product_tag-proteinersatz","11":"product_tag-proteinreiche-ernaehrung","13":"first","14":"instock","15":"taxable","16":"shipping-taxable","17":"purchasable","18":"product-type-variable","19":"has-default-attributes"},"_links":{"self":[{"href":"https:\/\/omanda-ch.invictus-lead-generation.com\/fr\/wp-json\/wp\/v2\/product\/405","targetHints":{"allow":["GET"]}}],"collection":[{"href":"https:\/\/omanda-ch.invictus-lead-generation.com\/fr\/wp-json\/wp\/v2\/product"}],"about":[{"href":"https:\/\/omanda-ch.invictus-lead-generation.com\/fr\/wp-json\/wp\/v2\/types\/product"}],"wp:featuredmedia":[{"embeddable":true,"href":"https:\/\/omanda-ch.invictus-lead-generation.com\/fr\/wp-json\/wp\/v2\/media\/338"}],"wp:attachment":[{"href":"https:\/\/omanda-ch.invictus-lead-generation.com\/fr\/wp-json\/wp\/v2\/media?parent=405"}],"wp:term":[{"taxonomy":"product_cat","embeddable":true,"href":"https:\/\/omanda-ch.invictus-lead-generation.com\/fr\/wp-json\/wp\/v2\/product_cat?post=405"},{"taxonomy":"product_tag","embeddable":true,"href":"https:\/\/omanda-ch.invictus-lead-generation.com\/fr\/wp-json\/wp\/v2\/product_tag?post=405"}],"curies":[{"name":"wp","href":"https:\/\/api.w.org\/{rel}","templated":true}]}}