{"id":4033,"date":"2022-12-03T20:09:54","date_gmt":"2022-12-03T20:09:54","guid":{"rendered":"https:\/\/omanda-ch.invictus-lead-generation.com\/?post_type=product&#038;p=4033"},"modified":"2024-12-20T12:49:31","modified_gmt":"2024-12-20T12:49:31","slug":"avasan","status":"publish","type":"product","link":"https:\/\/omanda-ch.invictus-lead-generation.com\/fr\/shop\/avasan\/","title":{"rendered":"AVASAN"},"content":{"rendered":"<p>AVASAN Instant Thickener est un \u00e9paississant instantan\u00e9 sp\u00e9cialement con\u00e7u pour \u00e9paissir les aliments et les boissons des personnes souffrant de troubles de la d\u00e9glutition. \n\nCela permet de s'assurer que les aliments et les boissons peuvent \u00eatre consomm\u00e9s en toute s\u00e9curit\u00e9 et pour r\u00e9duire le risque d'aspiration.<\/p>","protected":false},"excerpt":{"rendered":"<p>AVASAN Instant Thickener est un \u00e9paississant instantan\u00e9 sp\u00e9cialement con\u00e7u pour \u00e9paissir les aliments et les boissons des personnes souffrant de troubles de la d\u00e9glutition. \n\nCela permet de s'assurer que les aliments et les boissons peuvent \u00eatre consomm\u00e9s en toute s\u00e9curit\u00e9 et pour r\u00e9duire le risque d'aspiration.<\/p>","protected":false},"featured_media":4036,"template":"","meta":{"_monsterinsights_skip_tracking":false,"_monsterinsights_sitenote_active":false,"_monsterinsights_sitenote_note":"","_monsterinsights_sitenote_category":0},"product_cat":[95,21],"product_tag":[91],"class_list":{"0":"post-4033","1":"product","2":"type-product","3":"status-publish","4":"has-post-thumbnail","6":"product_cat-bestellbar","7":"product_cat-mangelernaehrung","8":"product_tag-avasan","10":"first","11":"instock","12":"taxable","13":"shipping-taxable","14":"purchasable","15":"product-type-variable","16":"has-default-attributes"},"_links":{"self":[{"href":"https:\/\/omanda-ch.invictus-lead-generation.com\/fr\/wp-json\/wp\/v2\/product\/4033","targetHints":{"allow":["GET"]}}],"collection":[{"href":"https:\/\/omanda-ch.invictus-lead-generation.com\/fr\/wp-json\/wp\/v2\/product"}],"about":[{"href":"https:\/\/omanda-ch.invictus-lead-generation.com\/fr\/wp-json\/wp\/v2\/types\/product"}],"wp:featuredmedia":[{"embeddable":true,"href":"https:\/\/omanda-ch.invictus-lead-generation.com\/fr\/wp-json\/wp\/v2\/media\/4036"}],"wp:attachment":[{"href":"https:\/\/omanda-ch.invictus-lead-generation.com\/fr\/wp-json\/wp\/v2\/media?parent=4033"}],"wp:term":[{"taxonomy":"product_cat","embeddable":true,"href":"https:\/\/omanda-ch.invictus-lead-generation.com\/fr\/wp-json\/wp\/v2\/product_cat?post=4033"},{"taxonomy":"product_tag","embeddable":true,"href":"https:\/\/omanda-ch.invictus-lead-generation.com\/fr\/wp-json\/wp\/v2\/product_tag?post=4033"}],"curies":[{"name":"wp","href":"https:\/\/api.w.org\/{rel}","templated":true}]}}