{"id":3716,"date":"2023-01-20T09:40:16","date_gmt":"2023-01-20T09:40:16","guid":{"rendered":"https:\/\/omanda-ch.invictus-lead-generation.com\/?post_type=product&#038;p=3716"},"modified":"2025-01-23T16:52:36","modified_gmt":"2025-01-23T16:52:36","slug":"moltein-complete-drink-vegan","status":"publish","type":"product","link":"https:\/\/omanda-ch.invictus-lead-generation.com\/fr\/shop\/moltein-complete-drink-vegan\/","title":{"rendered":"Moltein COMPLETE DRINK Vegan"},"content":{"rendered":"<p>Moltein COMPLETE DRINK vegan est un suppl\u00e9ment nutritif oral v\u00e9gan, riche en prot\u00e9ines et en \u00e9nergie, \u00e9quilibr\u00e9 en nutriments. Il contient des prot\u00e9ines v\u00e9g\u00e9tales de haute qualit\u00e9 (soja), huile v\u00e9g\u00e9tale, des glucides ainsi que toutes les vitamines et tous les min\u00e9raux n\u00e9cessaires. Moltein COMPLETE DRINK veganest sans lactose, sans gluten, sans colorants et sans \u00e9dulcorants . Le produit est rembours\u00e9 selon les directives de la GESKES.<\/p>","protected":false},"excerpt":{"rendered":"<p>Moltein COMPLETE DRINK vegan est un suppl\u00e9ment nutritif oral v\u00e9gan, riche en prot\u00e9ines et en \u00e9nergie, \u00e9quilibr\u00e9 en nutriments. Il contient des prot\u00e9ines v\u00e9g\u00e9tales de haute qualit\u00e9 (soja), huile v\u00e9g\u00e9tale, des glucides ainsi que toutes les vitamines et tous les min\u00e9raux n\u00e9cessaires. Moltein COMPLETE DRINK veganest sans lactose, sans gluten, sans colorants et sans \u00e9dulcorants . Le produit est rembours\u00e9 selon les directives de la GESKES.<\/p>","protected":false},"featured_media":3727,"template":"","meta":{"_monsterinsights_skip_tracking":false,"_monsterinsights_sitenote_active":false,"_monsterinsights_sitenote_note":"","_monsterinsights_sitenote_category":0},"product_cat":[95,21],"product_tag":[],"class_list":{"0":"post-3716","1":"product","2":"type-product","3":"status-publish","4":"has-post-thumbnail","6":"product_cat-bestellbar","7":"product_cat-mangelernaehrung","9":"first","10":"instock","11":"taxable","12":"shipping-taxable","13":"purchasable","14":"product-type-variable","15":"has-default-attributes"},"_links":{"self":[{"href":"https:\/\/omanda-ch.invictus-lead-generation.com\/fr\/wp-json\/wp\/v2\/product\/3716","targetHints":{"allow":["GET"]}}],"collection":[{"href":"https:\/\/omanda-ch.invictus-lead-generation.com\/fr\/wp-json\/wp\/v2\/product"}],"about":[{"href":"https:\/\/omanda-ch.invictus-lead-generation.com\/fr\/wp-json\/wp\/v2\/types\/product"}],"wp:featuredmedia":[{"embeddable":true,"href":"https:\/\/omanda-ch.invictus-lead-generation.com\/fr\/wp-json\/wp\/v2\/media\/3727"}],"wp:attachment":[{"href":"https:\/\/omanda-ch.invictus-lead-generation.com\/fr\/wp-json\/wp\/v2\/media?parent=3716"}],"wp:term":[{"taxonomy":"product_cat","embeddable":true,"href":"https:\/\/omanda-ch.invictus-lead-generation.com\/fr\/wp-json\/wp\/v2\/product_cat?post=3716"},{"taxonomy":"product_tag","embeddable":true,"href":"https:\/\/omanda-ch.invictus-lead-generation.com\/fr\/wp-json\/wp\/v2\/product_tag?post=3716"}],"curies":[{"name":"wp","href":"https:\/\/api.w.org\/{rel}","templated":true}]}}