{"id":3632,"date":"2022-12-04T08:23:11","date_gmt":"2022-12-04T08:23:11","guid":{"rendered":"https:\/\/omanda-ch.invictus-lead-generation.com\/?post_type=product&#038;p=3632"},"modified":"2024-12-19T20:45:10","modified_gmt":"2024-12-19T20:45:10","slug":"moltein-fino-puree","status":"publish","type":"product","link":"https:\/\/omanda-ch.invictus-lead-generation.com\/fr\/shop\/moltein-fino-puree\/","title":{"rendered":"Moltein FINO PUR\u00c9E"},"content":{"rendered":"<p>Moltein Fino Pur\u00e9e est une pr\u00e9paration de consistance adapt\u00e9e pour \u00eatre mang\u00e9 \u00e0 la cuill\u00e8re, riche en prot\u00e9ines, riche en \u00e9nergie et \u00e9quilibr\u00e9e. Moltein FINO Pur\u00e9e convient particuli\u00e8rement \u00e0 la pr\u00e9paration simple d'un repas savoureux. \nMoltein FINO Pur\u00e9e est compos\u00e9 de prot\u00e9ines de lactos\u00e9rum de haute qualit\u00e9, de lipides, de glucides et de toutes les vitamines et min\u00e9raux n\u00e9cessaires. Moltein FINO Pur\u00e9e convient \u00e0 l'alimentation compl\u00e9mentaire en cas de malnutrition, particuli\u00e8rement chez les patients souffrant de dysphagie. Le produit est rembours\u00e9 par les caisses-maladie conform\u00e9ment aux directives de la SSNC en Suisse. Moltein FINO est d\u00e9velopp\u00e9 et fabriqu\u00e9 en Suisse et disponible en sachets de 40 g et 600 g.<\/p>","protected":false},"excerpt":{"rendered":"<p>Moltein Fino Pur\u00e9e est une pr\u00e9paration de consistance adapt\u00e9e pour \u00eatre mang\u00e9 \u00e0 la cuill\u00e8re, riche en prot\u00e9ines, riche en \u00e9nergie et \u00e9quilibr\u00e9e. Moltein FINO Pur\u00e9e convient particuli\u00e8rement \u00e0 la pr\u00e9paration simple d'un repas savoureux. \nMoltein FINO Pur\u00e9e est compos\u00e9 de prot\u00e9ines de lactos\u00e9rum de haute qualit\u00e9, de lipides, de glucides et de toutes les vitamines et min\u00e9raux n\u00e9cessaires. Moltein FINO Pur\u00e9e convient \u00e0 l'alimentation compl\u00e9mentaire en cas de malnutrition, particuli\u00e8rement chez les patients souffrant de dysphagie. Le produit est rembours\u00e9 par les caisses-maladie conform\u00e9ment aux directives de la SSNC en Suisse. Moltein FINO est d\u00e9velopp\u00e9 et fabriqu\u00e9 en Suisse et disponible en sachets de 40 g et 600 g.<\/p>","protected":false},"featured_media":3651,"template":"","meta":{"_monsterinsights_skip_tracking":false,"_monsterinsights_sitenote_active":false,"_monsterinsights_sitenote_note":"","_monsterinsights_sitenote_category":0},"product_cat":[95,21],"product_tag":[],"class_list":{"0":"post-3632","1":"product","2":"type-product","3":"status-publish","4":"has-post-thumbnail","6":"product_cat-bestellbar","7":"product_cat-mangelernaehrung","9":"first","10":"instock","11":"taxable","12":"shipping-taxable","13":"purchasable","14":"product-type-variable","15":"has-default-attributes"},"_links":{"self":[{"href":"https:\/\/omanda-ch.invictus-lead-generation.com\/fr\/wp-json\/wp\/v2\/product\/3632","targetHints":{"allow":["GET"]}}],"collection":[{"href":"https:\/\/omanda-ch.invictus-lead-generation.com\/fr\/wp-json\/wp\/v2\/product"}],"about":[{"href":"https:\/\/omanda-ch.invictus-lead-generation.com\/fr\/wp-json\/wp\/v2\/types\/product"}],"wp:featuredmedia":[{"embeddable":true,"href":"https:\/\/omanda-ch.invictus-lead-generation.com\/fr\/wp-json\/wp\/v2\/media\/3651"}],"wp:attachment":[{"href":"https:\/\/omanda-ch.invictus-lead-generation.com\/fr\/wp-json\/wp\/v2\/media?parent=3632"}],"wp:term":[{"taxonomy":"product_cat","embeddable":true,"href":"https:\/\/omanda-ch.invictus-lead-generation.com\/fr\/wp-json\/wp\/v2\/product_cat?post=3632"},{"taxonomy":"product_tag","embeddable":true,"href":"https:\/\/omanda-ch.invictus-lead-generation.com\/fr\/wp-json\/wp\/v2\/product_tag?post=3632"}],"curies":[{"name":"wp","href":"https:\/\/api.w.org\/{rel}","templated":true}]}}