{"id":3279,"date":"2022-12-05T10:29:16","date_gmt":"2022-12-05T10:29:16","guid":{"rendered":"https:\/\/omanda-ch.invictus-lead-generation.com\/?post_type=product&#038;p=3279"},"modified":"2024-12-19T20:45:10","modified_gmt":"2024-12-19T20:45:10","slug":"moltein-fino-pudding","status":"publish","type":"product","link":"https:\/\/omanda-ch.invictus-lead-generation.com\/fr\/shop\/moltein-fino-pudding\/","title":{"rendered":"Moltein FINO PUDDING"},"content":{"rendered":"<p>Moltein Fino Pudding est une alimentation de consistance adapt\u00e9 pour manger \u00e0 la cuill\u00e8re, riche en prot\u00e9ines, riche en \u00e9nergie et \u00e9quilibr\u00e9e. Moltein FINO Pudding est particuli\u00e8rement adapt\u00e9 \u00e0 la pr\u00e9paration facile d'un dessert. Moltein FINO Pudding est compos\u00e9 de prot\u00e9ines de lactos\u00e9rum de haute qualit\u00e9, de graisses, de glucides et de toutes les vitamines n\u00e9cessaires, ainsi que d'un grand nombre de min\u00e9raux. Moltein FINO Pudding convient \u00e0 l'alimentation compl\u00e9mentaire en cas de malnutrition, en particulier chez les patients souffrant de dysphagie. Le produit est admis par les caisses-maladie conform\u00e9ment aux directives de la SSNC en Suisse. Disponible en sachets de 45 g et 675 g. D\u00e9velopp\u00e9 et fabriqu\u00e9 en Suisse.<\/p>","protected":false},"excerpt":{"rendered":"<p>Moltein Fino Pudding est une alimentation de consistance adapt\u00e9 pour manger \u00e0 la cuill\u00e8re, riche en prot\u00e9ines, riche en \u00e9nergie et \u00e9quilibr\u00e9e. Moltein FINO Pudding est particuli\u00e8rement adapt\u00e9 \u00e0 la pr\u00e9paration facile d'un dessert. Moltein FINO Pudding est compos\u00e9 de prot\u00e9ines de lactos\u00e9rum de haute qualit\u00e9, de graisses, de glucides et de toutes les vitamines n\u00e9cessaires, ainsi que d'un grand nombre de min\u00e9raux. Moltein FINO Pudding convient \u00e0 l'alimentation compl\u00e9mentaire en cas de malnutrition, en particulier chez les patients souffrant de dysphagie. Le produit est admis par les caisses-maladie conform\u00e9ment aux directives de la SSNC en Suisse. Disponible en sachets de 45 g et 675 g. D\u00e9velopp\u00e9 et fabriqu\u00e9 en Suisse.<\/p>","protected":false},"featured_media":3284,"template":"","meta":{"_monsterinsights_skip_tracking":false,"_monsterinsights_sitenote_active":false,"_monsterinsights_sitenote_note":"","_monsterinsights_sitenote_category":0},"product_cat":[95,21],"product_tag":[],"class_list":{"0":"post-3279","1":"product","2":"type-product","3":"status-publish","4":"has-post-thumbnail","6":"product_cat-bestellbar","7":"product_cat-mangelernaehrung","9":"first","10":"instock","11":"taxable","12":"shipping-taxable","13":"purchasable","14":"product-type-variable","15":"has-default-attributes"},"_links":{"self":[{"href":"https:\/\/omanda-ch.invictus-lead-generation.com\/fr\/wp-json\/wp\/v2\/product\/3279","targetHints":{"allow":["GET"]}}],"collection":[{"href":"https:\/\/omanda-ch.invictus-lead-generation.com\/fr\/wp-json\/wp\/v2\/product"}],"about":[{"href":"https:\/\/omanda-ch.invictus-lead-generation.com\/fr\/wp-json\/wp\/v2\/types\/product"}],"wp:featuredmedia":[{"embeddable":true,"href":"https:\/\/omanda-ch.invictus-lead-generation.com\/fr\/wp-json\/wp\/v2\/media\/3284"}],"wp:attachment":[{"href":"https:\/\/omanda-ch.invictus-lead-generation.com\/fr\/wp-json\/wp\/v2\/media?parent=3279"}],"wp:term":[{"taxonomy":"product_cat","embeddable":true,"href":"https:\/\/omanda-ch.invictus-lead-generation.com\/fr\/wp-json\/wp\/v2\/product_cat?post=3279"},{"taxonomy":"product_tag","embeddable":true,"href":"https:\/\/omanda-ch.invictus-lead-generation.com\/fr\/wp-json\/wp\/v2\/product_tag?post=3279"}],"curies":[{"name":"wp","href":"https:\/\/api.w.org\/{rel}","templated":true}]}}