{"id":2255,"date":"2023-03-01T10:00:34","date_gmt":"2023-03-01T10:00:34","guid":{"rendered":"https:\/\/omanda-ch.invictus-lead-generation.com\/?post_type=product&#038;p=2255"},"modified":"2025-01-15T07:34:45","modified_gmt":"2025-01-15T07:34:45","slug":"moltein-complete-drink","status":"publish","type":"product","link":"https:\/\/omanda-ch.invictus-lead-generation.com\/fr\/shop\/moltein-complete-drink\/","title":{"rendered":"Moltein COMPLETE DRINK"},"content":{"rendered":"<p>Moltein COMPLETE DRINK est un produit nutritif oral enti\u00e8rement \u00e9quilibr\u00e9, riche en prot\u00e9ines et en \u00e9nergie. Moltein COMPLETE DRINK se compose de glucides, de prot\u00e9ines, d'huiles v\u00e9g\u00e9tales ainsi que de toutes les vitamines et de tous les min\u00e9raux n\u00e9cessaires. Moltein COMPLETE DRINK est une source d'alimentation unique, sans gluten et pauvre en lactose. Moltein COMPLETE DRINK est rembours\u00e9 par les caisses maladie conform\u00e9ment aux directives de la SSNC.<\/p>","protected":false},"excerpt":{"rendered":"<p>Moltein COMPLETE DRINK est un produit nutritif oral enti\u00e8rement \u00e9quilibr\u00e9, riche en prot\u00e9ines et en \u00e9nergie. Moltein COMPLETE DRINK se compose de glucides, de prot\u00e9ines, d'huiles v\u00e9g\u00e9tales ainsi que de toutes les vitamines et de tous les min\u00e9raux n\u00e9cessaires. Moltein COMPLETE DRINK est une source d'alimentation unique, sans gluten et pauvre en lactose. Moltein COMPLETE DRINK est rembours\u00e9 par les caisses maladie conform\u00e9ment aux directives de la SSNC.<\/p>","protected":false},"featured_media":2258,"template":"","meta":{"_monsterinsights_skip_tracking":false,"_monsterinsights_sitenote_active":false,"_monsterinsights_sitenote_note":"","_monsterinsights_sitenote_category":0},"product_cat":[95,21],"product_tag":[],"class_list":{"0":"post-2255","1":"product","2":"type-product","3":"status-publish","4":"has-post-thumbnail","6":"product_cat-bestellbar","7":"product_cat-mangelernaehrung","9":"first","10":"instock","11":"taxable","12":"shipping-taxable","13":"purchasable","14":"product-type-variable","15":"has-default-attributes"},"_links":{"self":[{"href":"https:\/\/omanda-ch.invictus-lead-generation.com\/fr\/wp-json\/wp\/v2\/product\/2255","targetHints":{"allow":["GET"]}}],"collection":[{"href":"https:\/\/omanda-ch.invictus-lead-generation.com\/fr\/wp-json\/wp\/v2\/product"}],"about":[{"href":"https:\/\/omanda-ch.invictus-lead-generation.com\/fr\/wp-json\/wp\/v2\/types\/product"}],"wp:featuredmedia":[{"embeddable":true,"href":"https:\/\/omanda-ch.invictus-lead-generation.com\/fr\/wp-json\/wp\/v2\/media\/2258"}],"wp:attachment":[{"href":"https:\/\/omanda-ch.invictus-lead-generation.com\/fr\/wp-json\/wp\/v2\/media?parent=2255"}],"wp:term":[{"taxonomy":"product_cat","embeddable":true,"href":"https:\/\/omanda-ch.invictus-lead-generation.com\/fr\/wp-json\/wp\/v2\/product_cat?post=2255"},{"taxonomy":"product_tag","embeddable":true,"href":"https:\/\/omanda-ch.invictus-lead-generation.com\/fr\/wp-json\/wp\/v2\/product_tag?post=2255"}],"curies":[{"name":"wp","href":"https:\/\/api.w.org\/{rel}","templated":true}]}}