{"id":1215,"date":"2022-12-06T10:00:32","date_gmt":"2022-12-06T10:00:32","guid":{"rendered":"https:\/\/omanda-ch.invictus-lead-generation.com\/?post_type=product&#038;p=1215"},"modified":"2025-01-15T07:36:26","modified_gmt":"2025-01-15T07:36:26","slug":"moltein-pure","status":"publish","type":"product","link":"https:\/\/omanda-ch.invictus-lead-generation.com\/fr\/shop\/moltein-pure\/","title":{"rendered":"Moltein PURE"},"content":{"rendered":"<p>Moltein PURE ist eine proteinreiche Trinknahrung, die speziell f\u00fcr die Muskelgesundheit im Alter und bei Krankheit entwickelt wurde. Moltein PURE enth\u00e4lt 100% hochwertiges Molkenprotein und ist angereichert mit der Aminos\u00e4ure Leucin. Moltein liefert damit wichtige Bausteine f\u00fcr Muskeln und Knochen. Leucin ist ein besonders starker Stimulator des Muskelaufbaus.<br \/>\nEntwickelt in Zusammenarbeit mit universit\u00e4rer Altersmedizin.<br \/>\nEntwickelt und hergestellt in der Schweiz.<\/p>","protected":false},"excerpt":{"rendered":"<p>Moltein PURE ist eine proteinreiche Trinknahrung, die speziell f\u00fcr die Muskelgesundheit im Alter und bei Krankheit entwickelt wurde. Moltein PURE enth\u00e4lt 100% hochwertiges Molkenprotein und ist angereichert mit der Aminos\u00e4ure Leucin. Moltein liefert damit wichtige Bausteine f\u00fcr Muskeln und Knochen. Leucin ist ein besonders starker Stimulator des Muskelaufbaus.<br \/>\nEntwickelt in Zusammenarbeit mit universit\u00e4rer Altersmedizin. Entwickelt und hergestellt in der Schweiz.<\/p>","protected":false},"featured_media":1266,"template":"","meta":{"_monsterinsights_skip_tracking":false,"_monsterinsights_sitenote_active":false,"_monsterinsights_sitenote_note":"","_monsterinsights_sitenote_category":0},"product_cat":[95,21],"product_tag":[49,52,50,51],"class_list":{"0":"post-1215","1":"product","2":"type-product","3":"status-publish","4":"has-post-thumbnail","6":"product_cat-bestellbar","7":"product_cat-mangelernaehrung","8":"product_tag-moltein","9":"product_tag-protein-supplement","10":"product_tag-proteinersatz","11":"product_tag-proteinreiche-ernaehrung","13":"first","14":"instock","15":"taxable","16":"shipping-taxable","17":"purchasable","18":"product-type-variable","19":"has-default-attributes"},"_links":{"self":[{"href":"https:\/\/omanda-ch.invictus-lead-generation.com\/fr\/wp-json\/wp\/v2\/product\/1215","targetHints":{"allow":["GET"]}}],"collection":[{"href":"https:\/\/omanda-ch.invictus-lead-generation.com\/fr\/wp-json\/wp\/v2\/product"}],"about":[{"href":"https:\/\/omanda-ch.invictus-lead-generation.com\/fr\/wp-json\/wp\/v2\/types\/product"}],"wp:featuredmedia":[{"embeddable":true,"href":"https:\/\/omanda-ch.invictus-lead-generation.com\/fr\/wp-json\/wp\/v2\/media\/1266"}],"wp:attachment":[{"href":"https:\/\/omanda-ch.invictus-lead-generation.com\/fr\/wp-json\/wp\/v2\/media?parent=1215"}],"wp:term":[{"taxonomy":"product_cat","embeddable":true,"href":"https:\/\/omanda-ch.invictus-lead-generation.com\/fr\/wp-json\/wp\/v2\/product_cat?post=1215"},{"taxonomy":"product_tag","embeddable":true,"href":"https:\/\/omanda-ch.invictus-lead-generation.com\/fr\/wp-json\/wp\/v2\/product_tag?post=1215"}],"curies":[{"name":"wp","href":"https:\/\/api.w.org\/{rel}","templated":true}]}}